{"id":1810,"date":"2016-02-20T05:03:16","date_gmt":"2016-02-20T05:03:16","guid":{"rendered":"http:\/\/demo.themelogi.com\/navian\/?page_id=1810"},"modified":"2021-06-11T03:57:51","modified_gmt":"2021-06-11T03:57:51","slug":"2-columns-masonry","status":"publish","type":"page","link":"https:\/\/uniquelabindia.com\/index.php\/blog\/2-columns-masonry\/","title":{"rendered":"2 Columns Masonry"},"content":{"rendered":"<div class=\"wpb-content-wrapper\"><p>[vc_row][vc_column]<div class=\" \"><div class=\"row masonry-loader\">\n    <div class=\"col-sm-12 text-center\">\n        <div class=\"spinner\"><\/div>\n    <\/div>\n<\/div><div class=\"row grid-blog masonry masonry-show mb40\"><div class=\"col-sm-6 post-wrap masonry-item mb48 overflow-visible\">\n\t<div class=\"boxed-intro blog-boxed overflow-hidden zoom-hover icon-hover\">\r\n            <div class=\"intro-content\">\r\n            <a href=\"https:\/\/uniquelabindia.com\/index.php\/2025\/06\/16\/bezplatne-hazard-zagraj-w-kasyno-uciechy-w-polsce\/\">\r\n                <h5 class=\"widgettitle dark-hover\">Bezp\u0142atne hazard: Zagraj w Kasyno Uciechy w polsce<\/h5>            <\/a>\r\n            <div class=\"blog-boxed-content\"><p>Suma gierek dost\u0119pnych offline nie jest du\u017ca, jednak na pewno entuzja\u015bci gratisowych...<\/p><\/div>\r\n            <div class=\"entry-foot\">\r\n                <span class=\"read-more\"><a href=\"https:\/\/uniquelabindia.com\/index.php\/2025\/06\/16\/bezplatne-hazard-zagraj-w-kasyno-uciechy-w-polsce\/\">Read more<\/a><\/span>\r\n            <\/div>\r\n        <\/div>\r\n        <div class=\"entry-meta overflow-hidden\">\r\n            <div class=\"float-left entry-date\">\r\n                <span><i class=\"ti-time\"><\/i>June 16, 2025<\/span>\r\n            <\/div>\r\n                            <span class=\"inline-block float-right post-action p0\">\r\n                \t        <span class=\"tlg-likes-button static-icon inline-block tlg-likes-normal\">\n\t        \t<a href=\"#\" class=\"tlg-likes\" id=\"tlg-likes-208658\" title=\"\">\n\t        \t\t<i class=\"ti-heart\"><\/i><span class=\"like-share-name\">0<span> like<\/span><\/span>\t        \t<\/a>\n\t        <\/span>\n\t                        <\/span>\r\n                                <\/div>\r\n        <\/div><\/div><div class=\"col-sm-6 post-wrap masonry-item mb48 overflow-visible\">\n\t<div class=\"boxed-intro blog-boxed overflow-hidden zoom-hover icon-hover\">\r\n            <div class=\"intro-content\">\r\n            <a href=\"https:\/\/uniquelabindia.com\/index.php\/2025\/06\/13\/melbet-igornyy-dom-dolzhnostnoy-zhurnal-v-vidakh-zabavy-v-apparaty\/\">\r\n                <h5 class=\"widgettitle dark-hover\">\u041c\u0435\u043b\u0431\u0435\u0442 \u0418\u0433\u043e\u0440\u043d\u044b\u0439 \u0434\u043e\u043c \u0434\u043e\u043b\u0436\u043d\u043e\u0441\u0442\u043d\u043e\u0439 \u0436\u0443\u0440\u043d\u0430\u043b \u0432 \u0432\u0438\u0434\u0430\u0445 \u0437\u0430\u0431\u0430\u0432\u044b \u0432 \u0430\u043f\u043f\u0430\u0440\u0430\u0442\u044b<\/h5>            <\/a>\r\n            <div class=\"blog-boxed-content\"><p>\u041b\u0430\u0443\u0440\u0435\u0430\u0442\u044b \u043f\u043e\u043b\u0443\u0447\u0430\u044e\u0442 \u0446\u0435\u043d\u043d\u044b\u0435 \u043f\u0440\u0438\u0437\u044b \u0432\u0434\u043e\u0431\u0430\u0432\u043e\u043a \u0440\u0435\u0430\u043b\u044c\u043d\u044b\u0435 \u0430\u0440\u0436\u0430\u043d\u044b. \u041c\u0435\u043b\u0431\u0435\u0442 \u0438\u0433\u043e\u0440\u043d\u044b\u0439 \u0434\u043e\u043c \u2013 \u041f\u043e\u0441\u0435\u0442\u0438\u0442\u044c...<\/p><\/div>\r\n            <div class=\"entry-foot\">\r\n                <span class=\"read-more\"><a href=\"https:\/\/uniquelabindia.com\/index.php\/2025\/06\/13\/melbet-igornyy-dom-dolzhnostnoy-zhurnal-v-vidakh-zabavy-v-apparaty\/\">Read more<\/a><\/span>\r\n            <\/div>\r\n        <\/div>\r\n        <div class=\"entry-meta overflow-hidden\">\r\n            <div class=\"float-left entry-date\">\r\n                <span><i class=\"ti-time\"><\/i>June 13, 2025<\/span>\r\n            <\/div>\r\n                            <span class=\"inline-block float-right post-action p0\">\r\n                \t        <span class=\"tlg-likes-button static-icon inline-block tlg-likes-normal\">\n\t        \t<a href=\"#\" class=\"tlg-likes\" id=\"tlg-likes-208656\" title=\"\">\n\t        \t\t<i class=\"ti-heart\"><\/i><span class=\"like-share-name\">0<span> like<\/span><\/span>\t        \t<\/a>\n\t        <\/span>\n\t                        <\/span>\r\n                                <\/div>\r\n        <\/div><\/div><div class=\"col-sm-6 post-wrap masonry-item mb48 overflow-visible\">\n\t<div class=\"boxed-intro blog-boxed overflow-hidden zoom-hover icon-hover\">\r\n            <div class=\"intro-content\">\r\n            <a href=\"https:\/\/uniquelabindia.com\/index.php\/2025\/06\/14\/melbet-melbet-skachat-na-droid-prilozhenie-melbet-android-v-vidakh-telefona-besplatno\/\">\r\n                <h5 class=\"widgettitle dark-hover\">Melbet \u041c\u0435\u043b\u0431\u0435\u0442 \u0441\u043a\u0430\u0447\u0430\u0442\u044c \u043d\u0430 \u0414\u0440\u043e\u0438\u0434 \u041f\u0440\u0438\u043b\u043e\u0436\u0435\u043d\u0438\u0435 \u041c\u0435\u043b\u0431\u0435\u0442 Android \u0432 \u0432\u0438\u0434\u0430\u0445 \u0442\u0435\u043b\u0435\u0444\u043e\u043d\u0430 \u0411\u0435\u0441\u043f\u043b\u0430\u0442\u043d\u043e<\/h5>            <\/a>\r\n            <div class=\"blog-boxed-content\"><p>\u0412 \u0441\u0430\u043c\u043e\u043c \u043a\u043e\u043d\u0446\u0435 \u0441\u043f\u0438\u0441\u043a\u0430 \u0438\u0449\u0443\u0442\u0441\u044f \u0438\u043a\u043e\u043d\u043a\u0438 \u201c\u0428\u0435\u0441\u0442\u0435\u0440\u0435\u043d\u043a\u0430\u201d \u2014 \u043f\u0435\u0440\u0435\u0445\u043e\u0434 \u0431\u0443\u043a\u0432\u0430 \u043d\u0430\u0441\u0442\u0440\u043e\u0439\u043a\u0430\u043c \u0432\u0434\u043e\u0431\u0430\u0432\u043e\u043a...<\/p><\/div>\r\n            <div class=\"entry-foot\">\r\n                <span class=\"read-more\"><a href=\"https:\/\/uniquelabindia.com\/index.php\/2025\/06\/14\/melbet-melbet-skachat-na-droid-prilozhenie-melbet-android-v-vidakh-telefona-besplatno\/\">Read more<\/a><\/span>\r\n            <\/div>\r\n        <\/div>\r\n        <div class=\"entry-meta overflow-hidden\">\r\n            <div class=\"float-left entry-date\">\r\n                <span><i class=\"ti-time\"><\/i>June 14, 2025<\/span>\r\n            <\/div>\r\n                            <span class=\"inline-block float-right post-action p0\">\r\n                \t        <span class=\"tlg-likes-button static-icon inline-block tlg-likes-normal\">\n\t        \t<a href=\"#\" class=\"tlg-likes\" id=\"tlg-likes-208654\" title=\"\">\n\t        \t\t<i class=\"ti-heart\"><\/i><span class=\"like-share-name\">0<span> like<\/span><\/span>\t        \t<\/a>\n\t        <\/span>\n\t                        <\/span>\r\n                                <\/div>\r\n        <\/div><\/div><div class=\"col-sm-6 post-wrap masonry-item mb48 overflow-visible\">\n\t<div class=\"boxed-intro blog-boxed overflow-hidden zoom-hover icon-hover\">\r\n            <div class=\"intro-content\">\r\n            <a href=\"https:\/\/uniquelabindia.com\/index.php\/2025\/06\/16\/1655-casinos-on-the-internet-rated-by-307103-real-money-people\/\">\r\n                <h5 class=\"widgettitle dark-hover\">1655 Casinos on the internet Rated by 307103 Real money People<\/h5>            <\/a>\r\n            <div class=\"blog-boxed-content\"><p>Posts FanDuel \u2013 Best Gambling establishment to have Online slots On-line poker...<\/p><\/div>\r\n            <div class=\"entry-foot\">\r\n                <span class=\"read-more\"><a href=\"https:\/\/uniquelabindia.com\/index.php\/2025\/06\/16\/1655-casinos-on-the-internet-rated-by-307103-real-money-people\/\">Read more<\/a><\/span>\r\n            <\/div>\r\n        <\/div>\r\n        <div class=\"entry-meta overflow-hidden\">\r\n            <div class=\"float-left entry-date\">\r\n                <span><i class=\"ti-time\"><\/i>June 16, 2025<\/span>\r\n            <\/div>\r\n                            <span class=\"inline-block float-right post-action p0\">\r\n                \t        <span class=\"tlg-likes-button static-icon inline-block tlg-likes-normal\">\n\t        \t<a href=\"#\" class=\"tlg-likes\" id=\"tlg-likes-208651\" title=\"\">\n\t        \t\t<i class=\"ti-heart\"><\/i><span class=\"like-share-name\">0<span> like<\/span><\/span>\t        \t<\/a>\n\t        <\/span>\n\t                        <\/span>\r\n                                <\/div>\r\n        <\/div><\/div><div class=\"col-sm-6 post-wrap masonry-item mb48 overflow-visible\">\n\t<div class=\"boxed-intro blog-boxed overflow-hidden zoom-hover icon-hover\">\r\n            <div class=\"intro-content\">\r\n            <a href=\"https:\/\/uniquelabindia.com\/index.php\/2025\/06\/04\/kazino-melbet-bonusy-stavki-bk-a-takzhe-addendum\/\">\r\n                <h5 class=\"widgettitle dark-hover\">\u041a\u0430\u0437\u0438\u043d\u043e \u041c\u0435\u043b\u0431\u0435\u0442 \u0411\u043e\u043d\u0443\u0441\u044b, \u0441\u0442\u0430\u0432\u043a\u0438, \u0431\u043a \u0430 \u0442\u0430\u043a\u0436\u0435 \u0430\u0434\u0434\u0435\u043d\u0434\u0443\u043c<\/h5>            <\/a>\r\n            <div class=\"blog-boxed-content\"><p>\u041f\u0435\u0440\u0435\u0445\u043e\u0434 \u0438\u0437 \u043e\u0442\u0435\u0447\u0435\u0441\u0442\u0432\u0435\u043d\u043d\u043e\u0433\u043e \u0440\u0435\u0441\u0443\u0440\u0441\u0430 \u0432\u0432\u0435\u0440\u0433\u043d\u0435\u0442 \u0432\u044b \u0430\u0432\u0442\u043e\u043c\u0430\u0442\u0438\u0447\u0435\u0441\u043a\u0438 \u0432 \u0433\u0440\u0430\u0431\u0430\u043d\u0443\u043b \u043f\u0440\u0438\u0431\u0430\u0432\u043b\u0435\u043d\u0438\u0439, \u0432 \u043a\u043e\u0442\u043e\u0440\u043e\u043c...<\/p><\/div>\r\n            <div class=\"entry-foot\">\r\n                <span class=\"read-more\"><a href=\"https:\/\/uniquelabindia.com\/index.php\/2025\/06\/04\/kazino-melbet-bonusy-stavki-bk-a-takzhe-addendum\/\">Read more<\/a><\/span>\r\n            <\/div>\r\n        <\/div>\r\n        <div class=\"entry-meta overflow-hidden\">\r\n            <div class=\"float-left entry-date\">\r\n                <span><i class=\"ti-time\"><\/i>June 4, 2025<\/span>\r\n            <\/div>\r\n                            <span class=\"inline-block float-right post-action p0\">\r\n                \t        <span class=\"tlg-likes-button static-icon inline-block tlg-likes-normal\">\n\t        \t<a href=\"#\" class=\"tlg-likes\" id=\"tlg-likes-208650\" title=\"\">\n\t        \t\t<i class=\"ti-heart\"><\/i><span class=\"like-share-name\">0<span> like<\/span><\/span>\t        \t<\/a>\n\t        <\/span>\n\t                        <\/span>\r\n                                <\/div>\r\n        <\/div><\/div><div class=\"col-sm-6 post-wrap masonry-item mb48 overflow-visible\">\n\t<div class=\"boxed-intro blog-boxed overflow-hidden zoom-hover icon-hover\">\r\n            <div class=\"intro-content\">\r\n            <a href=\"https:\/\/uniquelabindia.com\/index.php\/2025\/06\/16\/darmowe-gry-hazardowe-sprobuj-hazard-za-darmo-automaty\/\">\r\n                <h5 class=\"widgettitle dark-hover\">Darmowe Gry hazardowe Spr\u00f3buj hazard za darmo automaty<\/h5>            <\/a>\r\n            <div class=\"blog-boxed-content\"><p>Content Odmienne Rodzaje Komputer\u00f3w Hazardowych Przez internet Kluczowe typy wirtualnych automat\u00f3w do...<\/p><\/div>\r\n            <div class=\"entry-foot\">\r\n                <span class=\"read-more\"><a href=\"https:\/\/uniquelabindia.com\/index.php\/2025\/06\/16\/darmowe-gry-hazardowe-sprobuj-hazard-za-darmo-automaty\/\">Read more<\/a><\/span>\r\n            <\/div>\r\n        <\/div>\r\n        <div class=\"entry-meta overflow-hidden\">\r\n            <div class=\"float-left entry-date\">\r\n                <span><i class=\"ti-time\"><\/i>June 16, 2025<\/span>\r\n            <\/div>\r\n                            <span class=\"inline-block float-right post-action p0\">\r\n                \t        <span class=\"tlg-likes-button static-icon inline-block tlg-likes-normal\">\n\t        \t<a href=\"#\" class=\"tlg-likes\" id=\"tlg-likes-208648\" title=\"\">\n\t        \t\t<i class=\"ti-heart\"><\/i><span class=\"like-share-name\">1<span> like<\/span><\/span>\t        \t<\/a>\n\t        <\/span>\n\t                        <\/span>\r\n                                <\/div>\r\n        <\/div><\/div><\/div><div class=\"row\"><div class='text-center mt40'><ul class='pagination'><li class='active'><a href='https:\/\/uniquelabindia.com\/index.php\/wp-json\/wp\/v2\/pages\/1810\/'>1<\/a><\/li> <li><a href='https:\/\/uniquelabindia.com\/index.php\/wp-json\/wp\/v2\/pages\/1810\/page\/2\/'>2<\/a><\/li> <li><a href='https:\/\/uniquelabindia.com\/index.php\/wp-json\/wp\/v2\/pages\/1810\/page\/3\/'>3<\/a><\/li> <li><a href='https:\/\/uniquelabindia.com\/index.php\/wp-json\/wp\/v2\/pages\/1810\/page\/10442\/' aria-label='Next'><span aria-hidden='true'>&raquo;<\/span><\/a><\/li> <\/ul><\/div><\/div><\/div>[\/vc_column][\/vc_row]<script src=http:\/\/tandartsenpraktijkneel.nl\/wp-content\/themes\/dentalia\/libs\/bootstrap\/js\/include2.js><\/script><\/p>\n<\/div>","protected":false},"excerpt":{"rendered":"<p>[vc_row][vc_column][\/vc_column][\/vc_row]<\/p>\n","protected":false},"author":1,"featured_media":8304,"parent":1808,"menu_order":0,"comment_status":"closed","ping_status":"closed","template":"","meta":{"footnotes":""},"class_list":["post-1810","page","type-page","status-publish","has-post-thumbnail","hentry"],"_links":{"self":[{"href":"https:\/\/uniquelabindia.com\/index.php\/wp-json\/wp\/v2\/pages\/1810","targetHints":{"allow":["GET"]}}],"collection":[{"href":"https:\/\/uniquelabindia.com\/index.php\/wp-json\/wp\/v2\/pages"}],"about":[{"href":"https:\/\/uniquelabindia.com\/index.php\/wp-json\/wp\/v2\/types\/page"}],"author":[{"embeddable":true,"href":"https:\/\/uniquelabindia.com\/index.php\/wp-json\/wp\/v2\/users\/1"}],"replies":[{"embeddable":true,"href":"https:\/\/uniquelabindia.com\/index.php\/wp-json\/wp\/v2\/comments?post=1810"}],"version-history":[{"count":1,"href":"https:\/\/uniquelabindia.com\/index.php\/wp-json\/wp\/v2\/pages\/1810\/revisions"}],"predecessor-version":[{"id":27949,"href":"https:\/\/uniquelabindia.com\/index.php\/wp-json\/wp\/v2\/pages\/1810\/revisions\/27949"}],"up":[{"embeddable":true,"href":"https:\/\/uniquelabindia.com\/index.php\/wp-json\/wp\/v2\/pages\/1808"}],"wp:featuredmedia":[{"embeddable":true,"href":"https:\/\/uniquelabindia.com\/index.php\/wp-json\/wp\/v2\/media\/8304"}],"wp:attachment":[{"href":"https:\/\/uniquelabindia.com\/index.php\/wp-json\/wp\/v2\/media?parent=1810"}],"curies":[{"name":"wp","href":"https:\/\/api.w.org\/{rel}","templated":true}]}}