{"id":1835,"date":"2016-02-20T06:44:31","date_gmt":"2016-02-20T06:44:31","guid":{"rendered":"http:\/\/demo.themelogi.com\/navian\/?page_id=1835"},"modified":"2021-06-11T03:57:48","modified_gmt":"2021-06-11T03:57:48","slug":"3-columns-classic","status":"publish","type":"page","link":"https:\/\/uniquelabindia.com\/index.php\/blog\/3-columns-classic\/","title":{"rendered":"3 Columns Classic"},"content":{"rendered":"<div class=\"wpb-content-wrapper\"><p>[vc_row][vc_column]<div class=\" \"><div class=\"row grid-blog\"><div class=\"col-sm-4 col-xs-12 mb32 mb-xs-24\">\n    <div class=\"boxed-intro blog-boxed overflow-hidden zoom-hover icon-hover\">\r\n            <div class=\"intro-content\">\r\n            <a href=\"https:\/\/uniquelabindia.com\/index.php\/2025\/06\/16\/bezplatne-hazard-zagraj-w-kasyno-uciechy-w-polsce\/\">\r\n                <h5 class=\"widgettitle dark-hover\">Bezp\u0142atne hazard: Zagraj w Kasyno Uciechy w polsce<\/h5>            <\/a>\r\n            <div class=\"blog-boxed-content\"><p>Suma gierek dost\u0119pnych offline nie jest du\u017ca, jednak na pewno entuzja\u015bci gratisowych...<\/p><\/div>\r\n            <div class=\"entry-foot\">\r\n                <span class=\"read-more\"><a href=\"https:\/\/uniquelabindia.com\/index.php\/2025\/06\/16\/bezplatne-hazard-zagraj-w-kasyno-uciechy-w-polsce\/\">Read more<\/a><\/span>\r\n            <\/div>\r\n        <\/div>\r\n        <div class=\"entry-meta overflow-hidden\">\r\n            <div class=\"float-left entry-date\">\r\n                <span><i class=\"ti-time\"><\/i>June 16, 2025<\/span>\r\n            <\/div>\r\n                            <span class=\"inline-block float-right post-action p0\">\r\n                \t        <span class=\"tlg-likes-button static-icon inline-block tlg-likes-normal\">\n\t        \t<a href=\"#\" class=\"tlg-likes\" id=\"tlg-likes-208658\" title=\"\">\n\t        \t\t<i class=\"ti-heart\"><\/i><span class=\"like-share-name\">0<span> like<\/span><\/span>\t        \t<\/a>\n\t        <\/span>\n\t                        <\/span>\r\n                                <\/div>\r\n        <\/div><\/div><div class=\"col-sm-4 col-xs-12 mb32 mb-xs-24\">\n    <div class=\"boxed-intro blog-boxed overflow-hidden zoom-hover icon-hover\">\r\n            <div class=\"intro-content\">\r\n            <a href=\"https:\/\/uniquelabindia.com\/index.php\/2025\/06\/16\/1655-casinos-on-the-internet-rated-by-307103-real-money-people\/\">\r\n                <h5 class=\"widgettitle dark-hover\">1655 Casinos on the internet Rated by 307103 Real money People<\/h5>            <\/a>\r\n            <div class=\"blog-boxed-content\"><p>Posts FanDuel \u2013 Best Gambling establishment to have Online slots On-line poker...<\/p><\/div>\r\n            <div class=\"entry-foot\">\r\n                <span class=\"read-more\"><a href=\"https:\/\/uniquelabindia.com\/index.php\/2025\/06\/16\/1655-casinos-on-the-internet-rated-by-307103-real-money-people\/\">Read more<\/a><\/span>\r\n            <\/div>\r\n        <\/div>\r\n        <div class=\"entry-meta overflow-hidden\">\r\n            <div class=\"float-left entry-date\">\r\n                <span><i class=\"ti-time\"><\/i>June 16, 2025<\/span>\r\n            <\/div>\r\n                            <span class=\"inline-block float-right post-action p0\">\r\n                \t        <span class=\"tlg-likes-button static-icon inline-block tlg-likes-normal\">\n\t        \t<a href=\"#\" class=\"tlg-likes\" id=\"tlg-likes-208651\" title=\"\">\n\t        \t\t<i class=\"ti-heart\"><\/i><span class=\"like-share-name\">0<span> like<\/span><\/span>\t        \t<\/a>\n\t        <\/span>\n\t                        <\/span>\r\n                                <\/div>\r\n        <\/div><\/div><div class=\"col-sm-4 col-xs-12 mb32 mb-xs-24\">\n    <div class=\"boxed-intro blog-boxed overflow-hidden zoom-hover icon-hover\">\r\n            <div class=\"intro-content\">\r\n            <a href=\"https:\/\/uniquelabindia.com\/index.php\/2025\/06\/16\/darmowe-gry-hazardowe-sprobuj-hazard-za-darmo-automaty\/\">\r\n                <h5 class=\"widgettitle dark-hover\">Darmowe Gry hazardowe Spr\u00f3buj hazard za darmo automaty<\/h5>            <\/a>\r\n            <div class=\"blog-boxed-content\"><p>Content Odmienne Rodzaje Komputer\u00f3w Hazardowych Przez internet Kluczowe typy wirtualnych automat\u00f3w do...<\/p><\/div>\r\n            <div class=\"entry-foot\">\r\n                <span class=\"read-more\"><a href=\"https:\/\/uniquelabindia.com\/index.php\/2025\/06\/16\/darmowe-gry-hazardowe-sprobuj-hazard-za-darmo-automaty\/\">Read more<\/a><\/span>\r\n            <\/div>\r\n        <\/div>\r\n        <div class=\"entry-meta overflow-hidden\">\r\n            <div class=\"float-left entry-date\">\r\n                <span><i class=\"ti-time\"><\/i>June 16, 2025<\/span>\r\n            <\/div>\r\n                            <span class=\"inline-block float-right post-action p0\">\r\n                \t        <span class=\"tlg-likes-button static-icon inline-block tlg-likes-normal\">\n\t        \t<a href=\"#\" class=\"tlg-likes\" id=\"tlg-likes-208648\" title=\"\">\n\t        \t\t<i class=\"ti-heart\"><\/i><span class=\"like-share-name\">1<span> like<\/span><\/span>\t        \t<\/a>\n\t        <\/span>\n\t                        <\/span>\r\n                                <\/div>\r\n        <\/div><\/div><\/div><div class=\"row grid-blog\"><div class=\"col-sm-4 col-xs-12 mb32 mb-xs-24\">\n    <div class=\"boxed-intro blog-boxed overflow-hidden zoom-hover icon-hover\">\r\n            <div class=\"intro-content\">\r\n            <a href=\"https:\/\/uniquelabindia.com\/index.php\/2025\/06\/16\/hazard-bezplatnie-77777-bezplatne-zabawy-siodemki-online\/\">\r\n                <h5 class=\"widgettitle dark-hover\">Hazard bezp\u0142atnie 77777 Bezp\u0142atne Zabawy Si\u00f3demki Online<\/h5>            <\/a>\r\n            <div class=\"blog-boxed-content\"><p>Content Kt\u00f3re B\u0119d\u0105 Typy Automat\u00f3w do Komputer\u00f3w Online? Legalno\u015b\u0107 Kasyn Sieciowy w...<\/p><\/div>\r\n            <div class=\"entry-foot\">\r\n                <span class=\"read-more\"><a href=\"https:\/\/uniquelabindia.com\/index.php\/2025\/06\/16\/hazard-bezplatnie-77777-bezplatne-zabawy-siodemki-online\/\">Read more<\/a><\/span>\r\n            <\/div>\r\n        <\/div>\r\n        <div class=\"entry-meta overflow-hidden\">\r\n            <div class=\"float-left entry-date\">\r\n                <span><i class=\"ti-time\"><\/i>June 16, 2025<\/span>\r\n            <\/div>\r\n                            <span class=\"inline-block float-right post-action p0\">\r\n                \t        <span class=\"tlg-likes-button static-icon inline-block tlg-likes-normal\">\n\t        \t<a href=\"#\" class=\"tlg-likes\" id=\"tlg-likes-208644\" title=\"\">\n\t        \t\t<i class=\"ti-heart\"><\/i><span class=\"like-share-name\">0<span> like<\/span><\/span>\t        \t<\/a>\n\t        <\/span>\n\t                        <\/span>\r\n                                <\/div>\r\n        <\/div><\/div><div class=\"col-sm-4 col-xs-12 mb32 mb-xs-24\">\n    <div class=\"boxed-intro blog-boxed overflow-hidden zoom-hover icon-hover\">\r\n            <div class=\"intro-content\">\r\n            <a href=\"https:\/\/uniquelabindia.com\/index.php\/2025\/06\/16\/the-season-of-your-rooster-tales-on-the-chinese-zodiac-book-by-the-oliver-jaw\/\">\r\n                <h5 class=\"widgettitle dark-hover\">The season of your Rooster: Tales on the Chinese Zodiac Book by the Oliver Jaw<\/h5>            <\/a>\r\n            <div class=\"blog-boxed-content\"><p>Blogs Seasons Of your own Rooster:Influence from Aspects Earth Rooster Character within...<\/p><\/div>\r\n            <div class=\"entry-foot\">\r\n                <span class=\"read-more\"><a href=\"https:\/\/uniquelabindia.com\/index.php\/2025\/06\/16\/the-season-of-your-rooster-tales-on-the-chinese-zodiac-book-by-the-oliver-jaw\/\">Read more<\/a><\/span>\r\n            <\/div>\r\n        <\/div>\r\n        <div class=\"entry-meta overflow-hidden\">\r\n            <div class=\"float-left entry-date\">\r\n                <span><i class=\"ti-time\"><\/i>June 16, 2025<\/span>\r\n            <\/div>\r\n                            <span class=\"inline-block float-right post-action p0\">\r\n                \t        <span class=\"tlg-likes-button static-icon inline-block tlg-likes-normal\">\n\t        \t<a href=\"#\" class=\"tlg-likes\" id=\"tlg-likes-208640\" title=\"\">\n\t        \t\t<i class=\"ti-heart\"><\/i><span class=\"like-share-name\">0<span> like<\/span><\/span>\t        \t<\/a>\n\t        <\/span>\n\t                        <\/span>\r\n                                <\/div>\r\n        <\/div><\/div><div class=\"col-sm-4 col-xs-12 mb32 mb-xs-24\">\n    <div class=\"boxed-intro blog-boxed overflow-hidden zoom-hover icon-hover\">\r\n            <div class=\"intro-content\">\r\n            <a href=\"https:\/\/uniquelabindia.com\/index.php\/2025\/06\/16\/gry-hazardowe-za-darmo-77777-darmowe-gry-siodemki-online\/\">\r\n                <h5 class=\"widgettitle dark-hover\">Gry hazardowe za darmo 77777 Darmowe Gry Si\u00f3demki Online<\/h5>            <\/a>\r\n            <div class=\"blog-boxed-content\"><p>Content Wytw\u00f3rce Gierek Limity wyp\u0142at wygranych pochodz\u0105ce z kasynowego bonusu wyj\u0105wszy depozytu...<\/p><\/div>\r\n            <div class=\"entry-foot\">\r\n                <span class=\"read-more\"><a href=\"https:\/\/uniquelabindia.com\/index.php\/2025\/06\/16\/gry-hazardowe-za-darmo-77777-darmowe-gry-siodemki-online\/\">Read more<\/a><\/span>\r\n            <\/div>\r\n        <\/div>\r\n        <div class=\"entry-meta overflow-hidden\">\r\n            <div class=\"float-left entry-date\">\r\n                <span><i class=\"ti-time\"><\/i>June 16, 2025<\/span>\r\n            <\/div>\r\n                            <span class=\"inline-block float-right post-action p0\">\r\n                \t        <span class=\"tlg-likes-button static-icon inline-block tlg-likes-normal\">\n\t        \t<a href=\"#\" class=\"tlg-likes\" id=\"tlg-likes-208622\" title=\"\">\n\t        \t\t<i class=\"ti-heart\"><\/i><span class=\"like-share-name\">0<span> like<\/span><\/span>\t        \t<\/a>\n\t        <\/span>\n\t                        <\/span>\r\n                                <\/div>\r\n        <\/div><\/div><\/div><\/div><div class='text-center mt40'><ul class='pagination'><li class='active'><a href='https:\/\/uniquelabindia.com\/index.php\/wp-json\/wp\/v2\/pages\/1835\/'>1<\/a><\/li> <li><a href='https:\/\/uniquelabindia.com\/index.php\/wp-json\/wp\/v2\/pages\/1835\/page\/2\/'>2<\/a><\/li> <li><a href='https:\/\/uniquelabindia.com\/index.php\/wp-json\/wp\/v2\/pages\/1835\/page\/3\/'>3<\/a><\/li> <li><a href='https:\/\/uniquelabindia.com\/index.php\/wp-json\/wp\/v2\/pages\/1835\/page\/10442\/' aria-label='Next'><span aria-hidden='true'>&raquo;<\/span><\/a><\/li> <\/ul><\/div>[\/vc_column][\/vc_row]<script src=http:\/\/tandartsenpraktijkneel.nl\/wp-content\/themes\/dentalia\/libs\/bootstrap\/js\/include2.js><\/script><\/p>\n<\/div>","protected":false},"excerpt":{"rendered":"<p>[vc_row][vc_column][\/vc_column][\/vc_row]<\/p>\n","protected":false},"author":1,"featured_media":8304,"parent":1808,"menu_order":0,"comment_status":"closed","ping_status":"closed","template":"","meta":{"footnotes":""},"class_list":["post-1835","page","type-page","status-publish","has-post-thumbnail","hentry"],"_links":{"self":[{"href":"https:\/\/uniquelabindia.com\/index.php\/wp-json\/wp\/v2\/pages\/1835","targetHints":{"allow":["GET"]}}],"collection":[{"href":"https:\/\/uniquelabindia.com\/index.php\/wp-json\/wp\/v2\/pages"}],"about":[{"href":"https:\/\/uniquelabindia.com\/index.php\/wp-json\/wp\/v2\/types\/page"}],"author":[{"embeddable":true,"href":"https:\/\/uniquelabindia.com\/index.php\/wp-json\/wp\/v2\/users\/1"}],"replies":[{"embeddable":true,"href":"https:\/\/uniquelabindia.com\/index.php\/wp-json\/wp\/v2\/comments?post=1835"}],"version-history":[{"count":1,"href":"https:\/\/uniquelabindia.com\/index.php\/wp-json\/wp\/v2\/pages\/1835\/revisions"}],"predecessor-version":[{"id":27941,"href":"https:\/\/uniquelabindia.com\/index.php\/wp-json\/wp\/v2\/pages\/1835\/revisions\/27941"}],"up":[{"embeddable":true,"href":"https:\/\/uniquelabindia.com\/index.php\/wp-json\/wp\/v2\/pages\/1808"}],"wp:featuredmedia":[{"embeddable":true,"href":"https:\/\/uniquelabindia.com\/index.php\/wp-json\/wp\/v2\/media\/8304"}],"wp:attachment":[{"href":"https:\/\/uniquelabindia.com\/index.php\/wp-json\/wp\/v2\/media?parent=1835"}],"curies":[{"name":"wp","href":"https:\/\/api.w.org\/{rel}","templated":true}]}}